{"id":260,"date":"2014-12-10T07:18:38","date_gmt":"2014-12-10T07:18:38","guid":{"rendered":"http:\/\/anpsthemes.com\/constructo\/?page_id=260"},"modified":"2024-03-20T14:19:10","modified_gmt":"2024-03-20T13:19:10","slug":"vart-kontor","status":"publish","type":"page","link":"https:\/\/actab.se\/en\/vart-kontor\/","title":{"rendered":"Our Office"},"content":{"rendered":"<div class=\"wpb-content-wrapper\"><div class=\"vc_row wpb_row vc_row-fluid vc_custom_1514992654454\"><div class=\"wpb_column vc_column_container vc_col-sm-8\"><div class=\"vc_column-inner\"><div class=\"wpb_wrapper\"><h6 style=\"font-size: 18px;color: #00ab67;text-align: left\" class=\"vc_custom_heading\" >ACT - We know trailers and containers!<\/h6><h2 style=\"font-size: 36px;text-align: left\" class=\"vc_custom_heading\" >Our office in S\u00f6dert\u00e4lje<\/h2>\n\t<div class=\"wpb_text_column wpb_content_element\" >\n\t\t<div class=\"wpb_wrapper\">\n\t\t\t<p style=\"font-weight: 400;\">In S\u00f6dert\u00e4lje we have Fredrik, Peter, Markus, Anders, Jesper and Tintin that coordinates trailer traffic and container transports. In S\u00f6dert\u00e4lje we also have our economy department consisting of Kim, Laura and Rebecka. Our office is in Ahr\u00e9ns \u00c5keri's new premises by the E4's exit 144 (Moraberg).<\/p>\n<p style=\"font-weight: 400;\">Together we have around 75 trucks with starting points in Stockholm, G\u00f6teborg and Malm\u00f6.<\/p>\n\n\t\t<\/div>\n\t<\/div>\n<div class=\"vc_empty_space\"   style=\"height: 30px\"><span class=\"vc_empty_space_inner\"><\/span><\/div><a target=\"_self\" href=\"https:\/\/actab.se\/en\/kontakt\/\" class=\"btn btn-md style-1\" id=\"custom-id-0\" style=\"\">Contact us<\/a><\/div><\/div><\/div><div class=\"wpb_column vc_column_container vc_col-sm-4\"><div class=\"vc_column-inner vc_custom_1514993241888\"><div class=\"wpb_wrapper\"><div class=\"wpb_gallery wpb_content_element vc_clearfix\" ><div class=\"wpb_wrapper\"><div class=\"wpb_gallery_slides wpb_flexslider flexslider_fade flexslider\" data-interval=\"3\" data-flex_fx=\"fade\"><ul class=\"slides\"><li><a class=\"\" href=\"https:\/\/actab.se\/wp-content\/uploads\/2024\/02\/MS9A9025ok-724x1024.jpg\" data-lightbox=\"lightbox[rel-260-3087424124]\"><img loading=\"lazy\" decoding=\"async\" width=\"724\" height=\"1024\" src=\"https:\/\/actab.se\/wp-content\/uploads\/2024\/02\/MS9A9025ok-724x1024.jpg\" class=\"attachment-large\" alt=\"\" title=\"MS9A9025ok\" srcset=\"https:\/\/actab.se\/wp-content\/uploads\/2024\/02\/MS9A9025ok-724x1024.jpg 724w, https:\/\/actab.se\/wp-content\/uploads\/2024\/02\/MS9A9025ok-212x300.jpg 212w, https:\/\/actab.se\/wp-content\/uploads\/2024\/02\/MS9A9025ok-768x1086.jpg 768w, https:\/\/actab.se\/wp-content\/uploads\/2024\/02\/MS9A9025ok-1086x1536.jpg 1086w, https:\/\/actab.se\/wp-content\/uploads\/2024\/02\/MS9A9025ok-1448x2048.jpg 1448w, https:\/\/actab.se\/wp-content\/uploads\/2024\/02\/MS9A9025ok-8x12.jpg 8w, https:\/\/actab.se\/wp-content\/uploads\/2024\/02\/MS9A9025ok-254x360.jpg 254w, https:\/\/actab.se\/wp-content\/uploads\/2024\/02\/MS9A9025ok-1200x1697.jpg 1200w, https:\/\/actab.se\/wp-content\/uploads\/2024\/02\/MS9A9025ok-360x509.jpg 360w, https:\/\/actab.se\/wp-content\/uploads\/2024\/02\/MS9A9025ok-scaled.jpg 1810w\" sizes=\"auto, (max-width: 724px) 100vw, 724px\" \/><\/a><\/li><li><a class=\"\" href=\"https:\/\/actab.se\/wp-content\/uploads\/2024\/02\/hampus-743x1024-ACT-hemsida.jpg\" data-lightbox=\"lightbox[rel-260-3087424124]\"><img loading=\"lazy\" decoding=\"async\" width=\"739\" height=\"888\" src=\"https:\/\/actab.se\/wp-content\/uploads\/2024\/02\/hampus-743x1024-ACT-hemsida.jpg\" class=\"attachment-large\" alt=\"\" title=\"hampus-743x1024 - ACT hemsida\" srcset=\"https:\/\/actab.se\/wp-content\/uploads\/2024\/02\/hampus-743x1024-ACT-hemsida.jpg 739w, https:\/\/actab.se\/wp-content\/uploads\/2024\/02\/hampus-743x1024-ACT-hemsida-250x300.jpg 250w, https:\/\/actab.se\/wp-content\/uploads\/2024\/02\/hampus-743x1024-ACT-hemsida-10x12.jpg 10w, https:\/\/actab.se\/wp-content\/uploads\/2024\/02\/hampus-743x1024-ACT-hemsida-300x360.jpg 300w, https:\/\/actab.se\/wp-content\/uploads\/2024\/02\/hampus-743x1024-ACT-hemsida-360x433.jpg 360w\" sizes=\"auto, (max-width: 739px) 100vw, 739px\" \/><\/a><\/li><li><a class=\"\" href=\"https:\/\/actab.se\/wp-content\/uploads\/2024\/02\/MS9A8999ok-730x1024.jpg\" data-lightbox=\"lightbox[rel-260-3087424124]\"><img loading=\"lazy\" decoding=\"async\" width=\"730\" height=\"1024\" src=\"https:\/\/actab.se\/wp-content\/uploads\/2024\/02\/MS9A8999ok-730x1024.jpg\" class=\"attachment-large\" alt=\"\" title=\"MS9A8999ok\" srcset=\"https:\/\/actab.se\/wp-content\/uploads\/2024\/02\/MS9A8999ok-730x1024.jpg 730w, https:\/\/actab.se\/wp-content\/uploads\/2024\/02\/MS9A8999ok-214x300.jpg 214w, https:\/\/actab.se\/wp-content\/uploads\/2024\/02\/MS9A8999ok-768x1077.jpg 768w, https:\/\/actab.se\/wp-content\/uploads\/2024\/02\/MS9A8999ok-1095x1536.jpg 1095w, https:\/\/actab.se\/wp-content\/uploads\/2024\/02\/MS9A8999ok-1460x2048.jpg 1460w, https:\/\/actab.se\/wp-content\/uploads\/2024\/02\/MS9A8999ok-9x12.jpg 9w, https:\/\/actab.se\/wp-content\/uploads\/2024\/02\/MS9A8999ok-257x360.jpg 257w, https:\/\/actab.se\/wp-content\/uploads\/2024\/02\/MS9A8999ok-1200x1683.jpg 1200w, https:\/\/actab.se\/wp-content\/uploads\/2024\/02\/MS9A8999ok-360x505.jpg 360w, https:\/\/actab.se\/wp-content\/uploads\/2024\/02\/MS9A8999ok-scaled.jpg 1825w\" sizes=\"auto, (max-width: 730px) 100vw, 730px\" \/><\/a><\/li><li><a class=\"\" href=\"https:\/\/actab.se\/wp-content\/uploads\/2024\/02\/MS9A9009OK-734x1024.jpg\" data-lightbox=\"lightbox[rel-260-3087424124]\"><img loading=\"lazy\" decoding=\"async\" width=\"734\" height=\"1024\" src=\"https:\/\/actab.se\/wp-content\/uploads\/2024\/02\/MS9A9009OK-734x1024.jpg\" class=\"attachment-large\" alt=\"\" title=\"MS9A9009OK\" srcset=\"https:\/\/actab.se\/wp-content\/uploads\/2024\/02\/MS9A9009OK-734x1024.jpg 734w, https:\/\/actab.se\/wp-content\/uploads\/2024\/02\/MS9A9009OK-215x300.jpg 215w, https:\/\/actab.se\/wp-content\/uploads\/2024\/02\/MS9A9009OK-768x1072.jpg 768w, https:\/\/actab.se\/wp-content\/uploads\/2024\/02\/MS9A9009OK-9x12.jpg 9w, https:\/\/actab.se\/wp-content\/uploads\/2024\/02\/MS9A9009OK-258x360.jpg 258w, https:\/\/actab.se\/wp-content\/uploads\/2024\/02\/MS9A9009OK-360x502.jpg 360w, https:\/\/actab.se\/wp-content\/uploads\/2024\/02\/MS9A9009OK.jpg 860w\" sizes=\"auto, (max-width: 734px) 100vw, 734px\" \/><\/a><\/li><li><a class=\"\" href=\"https:\/\/actab.se\/wp-content\/uploads\/2024\/02\/MG_0877-683x1024.jpg\" data-lightbox=\"lightbox[rel-260-3087424124]\"><img loading=\"lazy\" decoding=\"async\" width=\"683\" height=\"1024\" src=\"https:\/\/actab.se\/wp-content\/uploads\/2024\/02\/MG_0877-683x1024.jpg\" class=\"attachment-large\" alt=\"\" title=\"_MG_0877\" srcset=\"https:\/\/actab.se\/wp-content\/uploads\/2024\/02\/MG_0877-683x1024.jpg 683w, https:\/\/actab.se\/wp-content\/uploads\/2024\/02\/MG_0877-200x300.jpg 200w, https:\/\/actab.se\/wp-content\/uploads\/2024\/02\/MG_0877-768x1152.jpg 768w, https:\/\/actab.se\/wp-content\/uploads\/2024\/02\/MG_0877-1024x1536.jpg 1024w, https:\/\/actab.se\/wp-content\/uploads\/2024\/02\/MG_0877-1365x2048.jpg 1365w, https:\/\/actab.se\/wp-content\/uploads\/2024\/02\/MG_0877-8x12.jpg 8w, https:\/\/actab.se\/wp-content\/uploads\/2024\/02\/MG_0877-240x360.jpg 240w, https:\/\/actab.se\/wp-content\/uploads\/2024\/02\/MG_0877-1200x1800.jpg 1200w, https:\/\/actab.se\/wp-content\/uploads\/2024\/02\/MG_0877-360x540.jpg 360w, https:\/\/actab.se\/wp-content\/uploads\/2024\/02\/MG_0877-scaled.jpg 1706w\" sizes=\"auto, (max-width: 683px) 100vw, 683px\" \/><\/a><\/li><li><a class=\"\" href=\"https:\/\/actab.se\/wp-content\/uploads\/2024\/02\/MS9A9069ok-1-707x1024.jpg\" data-lightbox=\"lightbox[rel-260-3087424124]\"><img loading=\"lazy\" decoding=\"async\" width=\"707\" height=\"1024\" src=\"https:\/\/actab.se\/wp-content\/uploads\/2024\/02\/MS9A9069ok-1-707x1024.jpg\" class=\"attachment-large\" alt=\"\" title=\"MS9A9069ok\" srcset=\"https:\/\/actab.se\/wp-content\/uploads\/2024\/02\/MS9A9069ok-1-707x1024.jpg 707w, https:\/\/actab.se\/wp-content\/uploads\/2024\/02\/MS9A9069ok-1-207x300.jpg 207w, https:\/\/actab.se\/wp-content\/uploads\/2024\/02\/MS9A9069ok-1-768x1112.jpg 768w, https:\/\/actab.se\/wp-content\/uploads\/2024\/02\/MS9A9069ok-1-8x12.jpg 8w, https:\/\/actab.se\/wp-content\/uploads\/2024\/02\/MS9A9069ok-1-249x360.jpg 249w, https:\/\/actab.se\/wp-content\/uploads\/2024\/02\/MS9A9069ok-1-360x521.jpg 360w, https:\/\/actab.se\/wp-content\/uploads\/2024\/02\/MS9A9069ok-1.jpg 829w\" sizes=\"auto, (max-width: 707px) 100vw, 707px\" \/><\/a><\/li><li><a class=\"\" href=\"https:\/\/actab.se\/wp-content\/uploads\/2024\/02\/MS9A9037ok-737x1024.jpg\" data-lightbox=\"lightbox[rel-260-3087424124]\"><img loading=\"lazy\" decoding=\"async\" width=\"737\" height=\"1024\" src=\"https:\/\/actab.se\/wp-content\/uploads\/2024\/02\/MS9A9037ok-737x1024.jpg\" class=\"attachment-large\" alt=\"\" title=\"MS9A9037ok\" srcset=\"https:\/\/actab.se\/wp-content\/uploads\/2024\/02\/MS9A9037ok-737x1024.jpg 737w, https:\/\/actab.se\/wp-content\/uploads\/2024\/02\/MS9A9037ok-216x300.jpg 216w, https:\/\/actab.se\/wp-content\/uploads\/2024\/02\/MS9A9037ok-768x1067.jpg 768w, https:\/\/actab.se\/wp-content\/uploads\/2024\/02\/MS9A9037ok-9x12.jpg 9w, https:\/\/actab.se\/wp-content\/uploads\/2024\/02\/MS9A9037ok-259x360.jpg 259w, https:\/\/actab.se\/wp-content\/uploads\/2024\/02\/MS9A9037ok-360x500.jpg 360w, https:\/\/actab.se\/wp-content\/uploads\/2024\/02\/MS9A9037ok.jpg 864w\" sizes=\"auto, (max-width: 737px) 100vw, 737px\" \/><\/a><\/li><li><a class=\"\" href=\"https:\/\/actab.se\/wp-content\/uploads\/2024\/02\/MG_0884-683x1024.jpg\" data-lightbox=\"lightbox[rel-260-3087424124]\"><img loading=\"lazy\" decoding=\"async\" width=\"683\" height=\"1024\" src=\"https:\/\/actab.se\/wp-content\/uploads\/2024\/02\/MG_0884-683x1024.jpg\" class=\"attachment-large\" alt=\"\" title=\"_MG_0884\" srcset=\"https:\/\/actab.se\/wp-content\/uploads\/2024\/02\/MG_0884-683x1024.jpg 683w, https:\/\/actab.se\/wp-content\/uploads\/2024\/02\/MG_0884-200x300.jpg 200w, https:\/\/actab.se\/wp-content\/uploads\/2024\/02\/MG_0884-768x1152.jpg 768w, https:\/\/actab.se\/wp-content\/uploads\/2024\/02\/MG_0884-1024x1536.jpg 1024w, https:\/\/actab.se\/wp-content\/uploads\/2024\/02\/MG_0884-1365x2048.jpg 1365w, https:\/\/actab.se\/wp-content\/uploads\/2024\/02\/MG_0884-8x12.jpg 8w, https:\/\/actab.se\/wp-content\/uploads\/2024\/02\/MG_0884-240x360.jpg 240w, https:\/\/actab.se\/wp-content\/uploads\/2024\/02\/MG_0884-1200x1800.jpg 1200w, https:\/\/actab.se\/wp-content\/uploads\/2024\/02\/MG_0884-360x540.jpg 360w, https:\/\/actab.se\/wp-content\/uploads\/2024\/02\/MG_0884-scaled.jpg 1707w\" sizes=\"auto, (max-width: 683px) 100vw, 683px\" \/><\/a><\/li><li><a class=\"\" href=\"https:\/\/actab.se\/wp-content\/uploads\/2024\/02\/MG_0890-683x1024.jpg\" data-lightbox=\"lightbox[rel-260-3087424124]\"><img loading=\"lazy\" decoding=\"async\" width=\"683\" height=\"1024\" src=\"https:\/\/actab.se\/wp-content\/uploads\/2024\/02\/MG_0890-683x1024.jpg\" class=\"attachment-large\" alt=\"\" title=\"_MG_0890\" srcset=\"https:\/\/actab.se\/wp-content\/uploads\/2024\/02\/MG_0890-683x1024.jpg 683w, https:\/\/actab.se\/wp-content\/uploads\/2024\/02\/MG_0890-200x300.jpg 200w, https:\/\/actab.se\/wp-content\/uploads\/2024\/02\/MG_0890-768x1152.jpg 768w, https:\/\/actab.se\/wp-content\/uploads\/2024\/02\/MG_0890-1024x1536.jpg 1024w, https:\/\/actab.se\/wp-content\/uploads\/2024\/02\/MG_0890-1365x2048.jpg 1365w, https:\/\/actab.se\/wp-content\/uploads\/2024\/02\/MG_0890-8x12.jpg 8w, https:\/\/actab.se\/wp-content\/uploads\/2024\/02\/MG_0890-240x360.jpg 240w, https:\/\/actab.se\/wp-content\/uploads\/2024\/02\/MG_0890-1200x1800.jpg 1200w, https:\/\/actab.se\/wp-content\/uploads\/2024\/02\/MG_0890-360x540.jpg 360w, https:\/\/actab.se\/wp-content\/uploads\/2024\/02\/MG_0890-scaled.jpg 1707w\" sizes=\"auto, (max-width: 683px) 100vw, 683px\" \/><\/a><\/li><li><a class=\"\" href=\"https:\/\/actab.se\/wp-content\/uploads\/2024\/02\/MG_0906-683x1024.jpg\" data-lightbox=\"lightbox[rel-260-3087424124]\"><img loading=\"lazy\" decoding=\"async\" width=\"683\" height=\"1024\" src=\"https:\/\/actab.se\/wp-content\/uploads\/2024\/02\/MG_0906-683x1024.jpg\" class=\"attachment-large\" alt=\"\" title=\"_MG_0906\" srcset=\"https:\/\/actab.se\/wp-content\/uploads\/2024\/02\/MG_0906-683x1024.jpg 683w, https:\/\/actab.se\/wp-content\/uploads\/2024\/02\/MG_0906-200x300.jpg 200w, https:\/\/actab.se\/wp-content\/uploads\/2024\/02\/MG_0906-768x1152.jpg 768w, https:\/\/actab.se\/wp-content\/uploads\/2024\/02\/MG_0906-1024x1536.jpg 1024w, https:\/\/actab.se\/wp-content\/uploads\/2024\/02\/MG_0906-1365x2048.jpg 1365w, https:\/\/actab.se\/wp-content\/uploads\/2024\/02\/MG_0906-8x12.jpg 8w, https:\/\/actab.se\/wp-content\/uploads\/2024\/02\/MG_0906-240x360.jpg 240w, https:\/\/actab.se\/wp-content\/uploads\/2024\/02\/MG_0906-1200x1800.jpg 1200w, https:\/\/actab.se\/wp-content\/uploads\/2024\/02\/MG_0906-360x540.jpg 360w, https:\/\/actab.se\/wp-content\/uploads\/2024\/02\/MG_0906-scaled.jpg 1707w\" sizes=\"auto, (max-width: 683px) 100vw, 683px\" \/><\/a><\/li><li><a class=\"\" href=\"https:\/\/actab.se\/wp-content\/uploads\/2024\/02\/MG_0897-683x1024.jpg\" data-lightbox=\"lightbox[rel-260-3087424124]\"><img loading=\"lazy\" decoding=\"async\" width=\"683\" height=\"1024\" src=\"https:\/\/actab.se\/wp-content\/uploads\/2024\/02\/MG_0897-683x1024.jpg\" class=\"attachment-large\" alt=\"\" title=\"_MG_0897\" srcset=\"https:\/\/actab.se\/wp-content\/uploads\/2024\/02\/MG_0897-683x1024.jpg 683w, https:\/\/actab.se\/wp-content\/uploads\/2024\/02\/MG_0897-200x300.jpg 200w, https:\/\/actab.se\/wp-content\/uploads\/2024\/02\/MG_0897-768x1152.jpg 768w, https:\/\/actab.se\/wp-content\/uploads\/2024\/02\/MG_0897-1024x1536.jpg 1024w, https:\/\/actab.se\/wp-content\/uploads\/2024\/02\/MG_0897-1365x2048.jpg 1365w, https:\/\/actab.se\/wp-content\/uploads\/2024\/02\/MG_0897-8x12.jpg 8w, https:\/\/actab.se\/wp-content\/uploads\/2024\/02\/MG_0897-240x360.jpg 240w, https:\/\/actab.se\/wp-content\/uploads\/2024\/02\/MG_0897-1200x1800.jpg 1200w, https:\/\/actab.se\/wp-content\/uploads\/2024\/02\/MG_0897-360x540.jpg 360w, https:\/\/actab.se\/wp-content\/uploads\/2024\/02\/MG_0897-scaled.jpg 1707w\" sizes=\"auto, (max-width: 683px) 100vw, 683px\" \/><\/a><\/li><\/ul><\/div><\/div><\/div><\/div><\/div><\/div><\/div>\n<\/div>","protected":false},"excerpt":{"rendered":"ACT - Vi kan trailer och containerV\u00e5rt kontor i S\u00f6dert\u00e4lje I S\u00f6dert\u00e4lje sitter Fredrik, Peter, Markus, Anders, Jesper och Tintin som jobbar med trailertrafiken. I S\u00f6dert\u00e4lje sitter \u00e4ven v\u00e5r ekonomiavdelning med Kim, Laura och Rebecka. Kontoret finns i Ahr\u00e9ns \u00c5keri's...","protected":false},"author":6,"featured_media":0,"parent":0,"menu_order":0,"comment_status":"closed","ping_status":"open","template":"","meta":{"footnotes":""},"class_list":["post-260","page","type-page","status-publish","hentry"],"jetpack_sharing_enabled":true,"_links":{"self":[{"href":"https:\/\/actab.se\/en\/wp-json\/wp\/v2\/pages\/260","targetHints":{"allow":["GET"]}}],"collection":[{"href":"https:\/\/actab.se\/en\/wp-json\/wp\/v2\/pages"}],"about":[{"href":"https:\/\/actab.se\/en\/wp-json\/wp\/v2\/types\/page"}],"author":[{"embeddable":true,"href":"https:\/\/actab.se\/en\/wp-json\/wp\/v2\/users\/6"}],"replies":[{"embeddable":true,"href":"https:\/\/actab.se\/en\/wp-json\/wp\/v2\/comments?post=260"}],"version-history":[{"count":0,"href":"https:\/\/actab.se\/en\/wp-json\/wp\/v2\/pages\/260\/revisions"}],"wp:attachment":[{"href":"https:\/\/actab.se\/en\/wp-json\/wp\/v2\/media?parent=260"}],"curies":[{"name":"wp","href":"https:\/\/api.w.org\/{rel}","templated":true}]}}