{"id":256,"date":"2014-12-10T07:18:12","date_gmt":"2014-12-10T07:18:12","guid":{"rendered":"http:\/\/anpsthemes.com\/constructo\/?page_id=256"},"modified":"2024-03-13T15:36:31","modified_gmt":"2024-03-13T14:36:31","slug":"trailer","status":"publish","type":"page","link":"https:\/\/actab.se\/en\/trailer\/","title":{"rendered":"Workshop"},"content":{"rendered":"<div class=\"wpb-content-wrapper\"><div class=\"vc_row wpb_row vc_row-fluid\"><div class=\"wpb_column vc_column_container vc_col-sm-12\"><div class=\"vc_column-inner\"><div class=\"wpb_wrapper\"><div class='content-over content-over--left'><div style='background-image: url(https:\/\/actab.se\/wp-content\/uploads\/2024\/03\/verkstadsbild-1-1.jpg);' class='content-over__img'><\/div><div class='container'><div class='content-over__main'><h6 style=\"font-size: 26px;text-align: left\" class=\"vc_custom_heading\" >Modern workshop - Optimized for heavy traffic<\/h6><div class=\"vc_empty_space\"   style=\"height: 65px\"><span class=\"vc_empty_space_inner\"><\/span><\/div>\n\t<div class=\"wpb_text_column wpb_content_element\" >\n\t\t<div class=\"wpb_wrapper\">\n\t\t\t<p>At Fornh\u00f6jdsv\u00e4gen, in 2019, we established an independent workshop with most of the equipment to get a broken truck back on the road again.<\/p>\n<p>Our two trained truck-mechanics make sure Ahr\u00e9ns &amp; ACT's fleet of trucks is always fresh and keep unexpected breakdowns at bay.<\/p>\n<p>We also welcome external clients to our workshop. We can make most repairs; everything from tyre damages, trailer curtain damages, fixing hoses and couplings, to replacing windshields and TIR-cables.<\/p>\n<p>Contact us for more information or to make your booking.<\/p>\n\n\t\t<\/div>\n\t<\/div>\n<div class=\"vc_empty_space\"   style=\"height: 65px\"><span class=\"vc_empty_space_inner\"><\/span><\/div>\n\t<div class=\"wpb_text_column wpb_content_element\" >\n\t\t<div class=\"wpb_wrapper\">\n\t\t\t<p><strong>To book, contact us at:<br \/>\n<\/strong><a href=\"mailto:traffic@ahrensakeri.se\">traffic@ahrensakeri.se<\/a><br \/>\nPhone: <a href=\"tel: 46855087045\">+46(0)855087045<\/a><\/p>\n\n\t\t<\/div>\n\t<\/div>\n<\/div><\/div><\/div><\/div><\/div><\/div><\/div>\n<\/div>","protected":false},"excerpt":{"rendered":"Modern verkstad - Optimerad f\u00f6r tung trafik P\u00e5 Fornh\u00f6jdsv\u00e4gen har vi under 2019 etablerat en sj\u00e4lvst\u00e4ndig verkstad med den mesta utrustning som kr\u00e4vs f\u00f6r att f\u00e5 en trasig lastbil p\u00e5 rull igen. V\u00e5ra tv\u00e5 utbildade lastbilsmekaniker ser till s\u00e5 att...","protected":false},"author":6,"featured_media":0,"parent":0,"menu_order":0,"comment_status":"closed","ping_status":"open","template":"","meta":{"footnotes":""},"class_list":["post-256","page","type-page","status-publish","hentry"],"jetpack_sharing_enabled":true,"_links":{"self":[{"href":"https:\/\/actab.se\/en\/wp-json\/wp\/v2\/pages\/256","targetHints":{"allow":["GET"]}}],"collection":[{"href":"https:\/\/actab.se\/en\/wp-json\/wp\/v2\/pages"}],"about":[{"href":"https:\/\/actab.se\/en\/wp-json\/wp\/v2\/types\/page"}],"author":[{"embeddable":true,"href":"https:\/\/actab.se\/en\/wp-json\/wp\/v2\/users\/6"}],"replies":[{"embeddable":true,"href":"https:\/\/actab.se\/en\/wp-json\/wp\/v2\/comments?post=256"}],"version-history":[{"count":0,"href":"https:\/\/actab.se\/en\/wp-json\/wp\/v2\/pages\/256\/revisions"}],"wp:attachment":[{"href":"https:\/\/actab.se\/en\/wp-json\/wp\/v2\/media?parent=256"}],"curies":[{"name":"wp","href":"https:\/\/api.w.org\/{rel}","templated":true}]}}