{"id":1873,"date":"2024-01-17T04:38:45","date_gmt":"2024-01-17T03:38:45","guid":{"rendered":"https:\/\/actab.se\/?page_id=1873"},"modified":"2024-03-13T15:40:48","modified_gmt":"2024-03-13T14:40:48","slug":"nya-terminalen","status":"publish","type":"page","link":"https:\/\/actab.se\/en\/nya-terminalen\/","title":{"rendered":"Terminalen"},"content":{"rendered":"<div class=\"wpb-content-wrapper\"><div class=\"vc_row wpb_row vc_row-fluid vc_custom_1515150593505\"><div class=\"wpb_column vc_column_container vc_col-sm-8\"><div class=\"vc_column-inner vc_custom_1515150626711\"><div class=\"wpb_wrapper\"><h6 style=\"font-size: 18px;color: #00ab67;text-align: left\" class=\"vc_custom_heading\" >A professional partner<\/h6><h2 style=\"font-size: 36px;text-align: left\" class=\"vc_custom_heading\" >Our Terminal<\/h2><div class=\"vc_empty_space\"   style=\"height: 10px\"><span class=\"vc_empty_space_inner\"><\/span><\/div><h6 style=\"font-size: 18px;text-align: left\" class=\"vc_custom_heading\" >Ahr\u00e9ns \u00c5keri AB - Always on the road across Europe!<\/h6><div class=\"vc_empty_space\"   style=\"height: 30px\"><span class=\"vc_empty_space_inner\"><\/span><\/div>\n\t<div class=\"wpb_text_column wpb_content_element\" >\n\t\t<div class=\"wpb_wrapper\">\n\t\t\t<p>Our closest business partner Ahr\u00e9ns \u00c5keri AB recently finished building the new logistics centre in Moraberg, S\u00f6dert\u00e4lje. The terminal is around 5000 m2. The terminal handels reloading of cargo, stripping and stuffing of containers as well as air cargo.<\/p>\n<p>Contact Ahr\u00e9ns \u00c5keri AB directly for more info.<\/p>\n<p>&#8211; <a href=\"mailto:traffic@ahrensakeri.se\">traffic@ahrensakeri.se<\/a><br \/>\n&#8211; 08-550 870 45<br \/>\n&#8211; <a href=\"http:\/\/www.ahrens-transport.se\">www.ahrens-transport.se<\/a><\/p>\n\n\t\t<\/div>\n\t<\/div>\n<div class=\"vc_empty_space\"   style=\"height: 30px\"><span class=\"vc_empty_space_inner\"><\/span><\/div><a target=\"_self\" href=\"https:\/\/actab.se\/en\/kontakt\/\" class=\"btn btn-md style-1\" id=\"custom-id-0\" style=\"\">Contact us<\/a><\/div><\/div><\/div><div class=\"wpb_column vc_column_container vc_col-sm-4\"><div class=\"vc_column-inner vc_custom_1515150652915\"><div class=\"wpb_wrapper\">\n\t<div  class=\"wpb_single_image wpb_content_element vc_align_left\">\n\t\t\n\t\t<figure class=\"wpb_wrapper vc_figure\">\n\t\t\t<div class=\"vc_single_image-wrapper   vc_box_border_grey\"><img loading=\"lazy\" decoding=\"async\" width=\"2560\" height=\"1440\" src=\"https:\/\/actab.se\/wp-content\/uploads\/2024\/02\/ahrens_bas.00_01_21_15.Still016-1-scaled.jpg\" class=\"vc_single_image-img attachment-full\" alt=\"\" title=\"ahrens_bas.00_01_21_15.Still016\" srcset=\"https:\/\/actab.se\/wp-content\/uploads\/2024\/02\/ahrens_bas.00_01_21_15.Still016-1-scaled.jpg 2560w, https:\/\/actab.se\/wp-content\/uploads\/2024\/02\/ahrens_bas.00_01_21_15.Still016-1-300x169.jpg 300w, https:\/\/actab.se\/wp-content\/uploads\/2024\/02\/ahrens_bas.00_01_21_15.Still016-1-1024x576.jpg 1024w, https:\/\/actab.se\/wp-content\/uploads\/2024\/02\/ahrens_bas.00_01_21_15.Still016-1-768x432.jpg 768w, https:\/\/actab.se\/wp-content\/uploads\/2024\/02\/ahrens_bas.00_01_21_15.Still016-1-1536x864.jpg 1536w, https:\/\/actab.se\/wp-content\/uploads\/2024\/02\/ahrens_bas.00_01_21_15.Still016-1-2048x1152.jpg 2048w, https:\/\/actab.se\/wp-content\/uploads\/2024\/02\/ahrens_bas.00_01_21_15.Still016-1-18x10.jpg 18w, https:\/\/actab.se\/wp-content\/uploads\/2024\/02\/ahrens_bas.00_01_21_15.Still016-1-370x208.jpg 370w, https:\/\/actab.se\/wp-content\/uploads\/2024\/02\/ahrens_bas.00_01_21_15.Still016-1-1200x675.jpg 1200w, https:\/\/actab.se\/wp-content\/uploads\/2024\/02\/ahrens_bas.00_01_21_15.Still016-1-360x203.jpg 360w\" sizes=\"auto, (max-width: 2560px) 100vw, 2560px\" \/><\/div>\n\t\t<\/figure>\n\t<\/div>\n\n\t<div  class=\"wpb_single_image wpb_content_element vc_align_left\">\n\t\t\n\t\t<figure class=\"wpb_wrapper vc_figure\">\n\t\t\t<div class=\"vc_single_image-wrapper   vc_box_border_grey\"><img loading=\"lazy\" decoding=\"async\" width=\"2560\" height=\"1440\" src=\"https:\/\/actab.se\/wp-content\/uploads\/2024\/02\/ahrens_bas.00_00_27_11.Still009-scaled.jpg\" class=\"vc_single_image-img attachment-full\" alt=\"\" title=\"ahrens_bas.00_00_27_11.Still009\" srcset=\"https:\/\/actab.se\/wp-content\/uploads\/2024\/02\/ahrens_bas.00_00_27_11.Still009-scaled.jpg 2560w, https:\/\/actab.se\/wp-content\/uploads\/2024\/02\/ahrens_bas.00_00_27_11.Still009-300x169.jpg 300w, https:\/\/actab.se\/wp-content\/uploads\/2024\/02\/ahrens_bas.00_00_27_11.Still009-1024x576.jpg 1024w, https:\/\/actab.se\/wp-content\/uploads\/2024\/02\/ahrens_bas.00_00_27_11.Still009-768x432.jpg 768w, https:\/\/actab.se\/wp-content\/uploads\/2024\/02\/ahrens_bas.00_00_27_11.Still009-1536x864.jpg 1536w, https:\/\/actab.se\/wp-content\/uploads\/2024\/02\/ahrens_bas.00_00_27_11.Still009-2048x1152.jpg 2048w, https:\/\/actab.se\/wp-content\/uploads\/2024\/02\/ahrens_bas.00_00_27_11.Still009-18x10.jpg 18w, https:\/\/actab.se\/wp-content\/uploads\/2024\/02\/ahrens_bas.00_00_27_11.Still009-370x208.jpg 370w, https:\/\/actab.se\/wp-content\/uploads\/2024\/02\/ahrens_bas.00_00_27_11.Still009-1200x675.jpg 1200w, https:\/\/actab.se\/wp-content\/uploads\/2024\/02\/ahrens_bas.00_00_27_11.Still009-360x203.jpg 360w\" sizes=\"auto, (max-width: 2560px) 100vw, 2560px\" \/><\/div>\n\t\t<\/figure>\n\t<\/div>\n<\/div><\/div><\/div><\/div><div data-vc-full-width=\"true\" data-vc-full-width-init=\"false\" data-vc-stretch-content=\"true\" class=\"vc_row wpb_row vc_row-fluid vc_custom_1515150620369 vc_row-no-padding\"><div class=\"wpb_column vc_column_container vc_col-sm-12\"><div class=\"vc_column-inner\"><div class=\"wpb_wrapper\"><div class='map' id='map1' style='height: 550px;' data-type='ROADMAP' data-styles='' data-zoom='15' data-scroll='true' data-markers='{ \"address\": \"5MX8+93 S\u00f6dert\u00e4lje, Sverige\",  \"center\": \"\", \"data\": \"\", \"options\": { \"icon\": \"https:\/\/actab.se\/wp-content\/themes\/transport\/images\/gmap\/map-pin.png\" } }|'><\/div><\/div><\/div><\/div><\/div><div class=\"vc_row-full-width vc_clearfix\"><\/div>\n<\/div>","protected":false},"excerpt":{"rendered":"En professionell partnerNya terminalenAhr\u00e9ns \u00c5keri AB - Alltid p\u00e5 v\u00e4g i hela Europa! V\u00e5r n\u00e4rmaste partner Ahr\u00e9ns \u00c5keri AB har nyligen f\u00e4rdigst\u00e4llt S\u00f6dert\u00e4ljes nya logistikcenter i Moraberg. Terminalen \u00e4r p\u00e5 ca 5000 m2 samt tillh\u00f6rande kontorslokaler. Terminalen hanterar omlastning av...","protected":false},"author":6,"featured_media":0,"parent":0,"menu_order":0,"comment_status":"closed","ping_status":"open","template":"","meta":{"footnotes":""},"class_list":["post-1873","page","type-page","status-publish","hentry"],"jetpack_sharing_enabled":true,"_links":{"self":[{"href":"https:\/\/actab.se\/en\/wp-json\/wp\/v2\/pages\/1873","targetHints":{"allow":["GET"]}}],"collection":[{"href":"https:\/\/actab.se\/en\/wp-json\/wp\/v2\/pages"}],"about":[{"href":"https:\/\/actab.se\/en\/wp-json\/wp\/v2\/types\/page"}],"author":[{"embeddable":true,"href":"https:\/\/actab.se\/en\/wp-json\/wp\/v2\/users\/6"}],"replies":[{"embeddable":true,"href":"https:\/\/actab.se\/en\/wp-json\/wp\/v2\/comments?post=1873"}],"version-history":[{"count":0,"href":"https:\/\/actab.se\/en\/wp-json\/wp\/v2\/pages\/1873\/revisions"}],"wp:attachment":[{"href":"https:\/\/actab.se\/en\/wp-json\/wp\/v2\/media?parent=1873"}],"curies":[{"name":"wp","href":"https:\/\/api.w.org\/{rel}","templated":true}]}}