{"id":11,"date":"2014-11-11T11:14:05","date_gmt":"2014-11-11T11:14:05","guid":{"rendered":"http:\/\/anpsthemes.com\/constructo\/?page_id=11"},"modified":"2024-03-13T15:25:09","modified_gmt":"2024-03-13T14:25:09","slug":"var-historia","status":"publish","type":"page","link":"https:\/\/actab.se\/en\/var-historia\/","title":{"rendered":"Our History"},"content":{"rendered":"<div class=\"wpb-content-wrapper\"><div data-vc-full-width=\"true\" data-vc-full-width-init=\"false\" data-vc-stretch-content=\"true\" class=\"vc_row wpb_row vc_row-fluid vc_custom_1709115145428 vc_row-has-fill vc_row-no-padding\"><div class=\"wpb_column vc_column_container vc_col-sm-12 vc_col-has-fill\"><div class=\"vc_column-inner vc_custom_1709115510754\"><div class=\"wpb_wrapper\"><div class='content-over content-over--right'><div style='background-image: url(https:\/\/actab.se\/wp-content\/uploads\/2024\/02\/Lars-Ahren.jpg);' class='content-over__img'><\/div><div class='container'><div class='content-over__main'><h4 style=\"font-size: 32px;text-align: left\" class=\"vc_custom_heading\" >Our History<\/h4><div class=\"vc_empty_space\"   style=\"height: 20px\"><span class=\"vc_empty_space_inner\"><\/span><\/div><p style=\"font-size: 18px;text-align: left\" class=\"vc_custom_heading\" >ACT, Ahr\u00e9ns Container &amp; Trailer was founded in 1990 through Lars Ahr\u00e9n and Owe Kjellin combining their work and doing what they do best - coordinated transports!<\/p><div class=\"vc_empty_space\"   style=\"height: 10px\"><span class=\"vc_empty_space_inner\"><\/span><\/div>\n\t<div class=\"wpb_text_column wpb_content_element\" >\n\t\t<div class=\"wpb_wrapper\">\n\t\t\t<p>In 1995, as Sture Jonasson joined as a partner, they expanded with an office in G\u00f6teborg. From the start, the id\u00e9a was to distribute container and trailer transports throughout Stockholm. Then also in Sk\u00e5ne are as well as G\u00f6teborg.<\/p>\n<p>The id\u00e9a has grown stronger and today, since Januari 2014, we're also a subsidiary with Ahr\u00e9ns Holding AB as our parent company.<\/p>\n<p>Today we coordinate around 75 trucks stationed throughout the country.<\/p>\n<p>ACT AB - We know trailers and containers!<\/p>\n\n\t\t<\/div>\n\t<\/div>\n<\/div><\/div><\/div><\/div><\/div><\/div><\/div><div class=\"vc_row-full-width vc_clearfix\"><\/div>\n<\/div>","protected":false},"excerpt":{"rendered":"V\u00e5r historiaACT, Ahr\u00e9ns Container &amp; Trailer bildades 1990 genom att Lars Ahr\u00e9n och Owe Kjellin slog sina p\u00e5sar ihop och gjorde det de var b\u00e4st p\u00e5 - samordnade transporter! 1995 ut\u00f6kade de med ett kontor i G\u00f6teborg i samband med...","protected":false},"author":6,"featured_media":0,"parent":0,"menu_order":0,"comment_status":"closed","ping_status":"closed","template":"","meta":{"footnotes":""},"class_list":["post-11","page","type-page","status-publish","hentry"],"jetpack_sharing_enabled":true,"_links":{"self":[{"href":"https:\/\/actab.se\/en\/wp-json\/wp\/v2\/pages\/11","targetHints":{"allow":["GET"]}}],"collection":[{"href":"https:\/\/actab.se\/en\/wp-json\/wp\/v2\/pages"}],"about":[{"href":"https:\/\/actab.se\/en\/wp-json\/wp\/v2\/types\/page"}],"author":[{"embeddable":true,"href":"https:\/\/actab.se\/en\/wp-json\/wp\/v2\/users\/6"}],"replies":[{"embeddable":true,"href":"https:\/\/actab.se\/en\/wp-json\/wp\/v2\/comments?post=11"}],"version-history":[{"count":0,"href":"https:\/\/actab.se\/en\/wp-json\/wp\/v2\/pages\/11\/revisions"}],"wp:attachment":[{"href":"https:\/\/actab.se\/en\/wp-json\/wp\/v2\/media?parent=11"}],"curies":[{"name":"wp","href":"https:\/\/api.w.org\/{rel}","templated":true}]}}